{"id":10,"date":"2022-11-09T15:18:29","date_gmt":"2022-11-09T15:18:29","guid":{"rendered":"https:\/\/amend.adv.br\/?page_id=10"},"modified":"2022-11-09T16:53:54","modified_gmt":"2022-11-09T16:53:54","slug":"contact","status":"publish","type":"page","link":"https:\/\/amend.adv.br\/index.php\/contact\/","title":{"rendered":"Contato"},"content":{"rendered":"\n<p>Prezado cliente, atendimentos dever\u00e3o ser previamente agendados. N\u00e3o realizamos atendimentos sem pr\u00e9vio agendamento.<\/p>\n\n\n\n<p>WhatsApp: +55 (41) 99776-0701<br>Contato: atendimento@amend.adv.br<\/p>\n\n\n\n<p>Segunda a sexta-feira: 10:00AM &#8211; 17:00PM<\/p>\n","protected":false},"excerpt":{"rendered":"<p>Prezado cliente, atendimentos dever\u00e3o ser previamente agendados. N\u00e3o realizamos atendimentos sem pr\u00e9vio agendamento. WhatsApp: +55 (41) 99776-0701Contato: atendimento@amend.adv.br Segunda a sexta-feira: 10:00AM &#8211; 17:00PM<\/p>\n","protected":false},"author":1,"featured_media":95,"parent":0,"menu_order":0,"comment_status":"closed","ping_status":"closed","template":"","meta":{"om_disable_all_campaigns":false,"_monsterinsights_skip_tracking":false,"_monsterinsights_sitenote_active":false,"_monsterinsights_sitenote_note":"","_monsterinsights_sitenote_category":0},"aioseo_notices":[],"uagb_featured_image_src":{"full":["https:\/\/amend.adv.br\/wp-content\/uploads\/2022\/11\/Balanca.png",1999,989,false],"thumbnail":["https:\/\/amend.adv.br\/wp-content\/uploads\/2022\/11\/Balanca-150x150.png",150,150,true],"medium":["https:\/\/amend.adv.br\/wp-content\/uploads\/2022\/11\/Balanca-300x148.png",300,148,true],"medium_large":["https:\/\/amend.adv.br\/wp-content\/uploads\/2022\/11\/Balanca-768x380.png",525,260,true],"large":["https:\/\/amend.adv.br\/wp-content\/uploads\/2022\/11\/Balanca-1024x507.png",525,260,true],"1536x1536":["https:\/\/amend.adv.br\/wp-content\/uploads\/2022\/11\/Balanca-1536x760.png",1536,760,true],"2048x2048":["https:\/\/amend.adv.br\/wp-content\/uploads\/2022\/11\/Balanca.png",1999,989,false],"twentyseventeen-featured-image":["https:\/\/amend.adv.br\/wp-content\/uploads\/2022\/11\/Balanca.png",1999,989,false],"twentyseventeen-thumbnail-avatar":["https:\/\/amend.adv.br\/wp-content\/uploads\/2022\/11\/Balanca-100x100.png",100,100,true]},"uagb_author_info":{"display_name":"RalopesAdm","author_link":"https:\/\/amend.adv.br\/index.php\/author\/ralopesadm\/"},"uagb_comment_info":0,"uagb_excerpt":"Prezado cliente, atendimentos dever\u00e3o ser previamente agendados. N\u00e3o realizamos atendimentos sem pr\u00e9vio agendamento. WhatsApp: +55 (41) 99776-0701Contato: atendimento@amend.adv.br Segunda a sexta-feira: 10:00AM &#8211; 17:00PM","_links":{"self":[{"href":"https:\/\/amend.adv.br\/index.php\/wp-json\/wp\/v2\/pages\/10"}],"collection":[{"href":"https:\/\/amend.adv.br\/index.php\/wp-json\/wp\/v2\/pages"}],"about":[{"href":"https:\/\/amend.adv.br\/index.php\/wp-json\/wp\/v2\/types\/page"}],"author":[{"embeddable":true,"href":"https:\/\/amend.adv.br\/index.php\/wp-json\/wp\/v2\/users\/1"}],"replies":[{"embeddable":true,"href":"https:\/\/amend.adv.br\/index.php\/wp-json\/wp\/v2\/comments?post=10"}],"version-history":[{"count":9,"href":"https:\/\/amend.adv.br\/index.php\/wp-json\/wp\/v2\/pages\/10\/revisions"}],"predecessor-version":[{"id":96,"href":"https:\/\/amend.adv.br\/index.php\/wp-json\/wp\/v2\/pages\/10\/revisions\/96"}],"wp:featuredmedia":[{"embeddable":true,"href":"https:\/\/amend.adv.br\/index.php\/wp-json\/wp\/v2\/media\/95"}],"wp:attachment":[{"href":"https:\/\/amend.adv.br\/index.php\/wp-json\/wp\/v2\/media?parent=10"}],"curies":[{"name":"wp","href":"https:\/\/api.w.org\/{rel}","templated":true}]}}