{"id":12,"date":"2022-11-09T15:18:29","date_gmt":"2022-11-09T15:18:29","guid":{"rendered":"https:\/\/amend.adv.br\/?page_id=12"},"modified":"2022-11-09T16:41:48","modified_gmt":"2022-11-09T16:41:48","slug":"a-homepage-section","status":"publish","type":"page","link":"https:\/\/amend.adv.br\/index.php\/a-homepage-section\/","title":{"rendered":"\u00c1reas de atua\u00e7\u00e3o"},"content":{"rendered":"\n<p><strong>Assessoria extrajudicial<\/strong><br>Pareceres contratuais Reda\u00e7\u00e3o de contratos, distratos, aditivos e termos acess\u00f3rios; Assessoria jur\u00eddica em neg\u00f3cios assessoria jur\u00eddica imobili\u00e1ria; Assessoria jur\u00eddica financeira; Assessoria jur\u00eddica administrativa perante \u00f3rg\u00e3os e reparti\u00e7\u00f5es p\u00fablicas; Defesas e recursos administrativos; Registro civil e notarial.<\/p>\n\n\n\n<p><strong>Assessoria Empresarial<\/strong><br>Consultoria e assessoria jur\u00eddica empresarial; Abertura e encerramento de pessoas jur\u00eddicas.<\/p>\n\n\n\n<p><strong>Direito trabalhista<\/strong><br>Reclamat\u00f3rias trabalhistas; Defesas em geral; Reconhecimento do v\u00ednculo empregat\u00edcio; Reintegra\u00e7\u00e3o de emprego; Execu\u00e7\u00f5es trabalhistas; Assessoria em acordo individual.<\/p>\n\n\n\n<p><strong>Direito do consumidor<br><\/strong>Direitos coletivos; Abusividades em geral (juros abusivos, capitaliza\u00e7\u00e3o, venda casada); Publicidade enganosa; Responsabilidade civil do fornecedor; Assessoria em transa\u00e7\u00f5es comerciais; A\u00e7\u00f5es revisionais; Repeti\u00e7\u00e3o de ind\u00e9bito; Defesa em execu\u00e7\u00f5es; Defesa em a\u00e7\u00e3o monit\u00f3ria; Defesa em a\u00e7\u00e3o ordin\u00e1ria.<\/p>\n\n\n\n<p><strong>Direito das sucess\u00f5es<br><\/strong>Invent\u00e1rio judicial; Invent\u00e1rio extrajudicial; Arrolamento sum\u00e1rio; Assessoria familiar.<\/p>\n\n\n\n<p><strong>Direito de fam\u00edlia<br><\/strong>Div\u00f3rcio judicial; Div\u00f3rcio extrajudicial; Assessoria pessoal e familiar; Revis\u00e3o de guarda e de pens\u00e3o aliment\u00edcia; Requerimento de alimentos provis\u00f3rios, provisionais e grav\u00eddicos.<\/p>\n\n\n\n<p><strong>Direito imobili\u00e1rio e condominial<br><\/strong>A\u00e7\u00f5es possess\u00f3rias; Usucapi\u00e3o; Interdito proibit\u00f3rio; Reintegra\u00e7\u00e3o de posse; Imiss\u00e3o na posse; Defesas condominiais; Assessoria em implanta\u00e7\u00e3o de condom\u00ednio edil\u00edcio; Nuncia\u00e7\u00e3o de obra nova.<\/p>\n\n\n\n<p><strong>Responsabilidade Civil<br><\/strong>Indeniza\u00e7\u00e3o civil; Dano moral; Dano material; Direito de vizinhan\u00e7a; Fraude contra credores; Fraudes em geral.<\/p>\n\n\n\n<p><\/p>\n","protected":false},"excerpt":{"rendered":"<p>Assessoria extrajudicialPareceres contratuais Reda\u00e7\u00e3o de contratos, distratos, aditivos e termos acess\u00f3rios; Assessoria jur\u00eddica em neg\u00f3cios assessoria jur\u00eddica imobili\u00e1ria; Assessoria jur\u00eddica financeira; Assessoria jur\u00eddica administrativa perante \u00f3rg\u00e3os e reparti\u00e7\u00f5es p\u00fablicas; Defesas e recursos administrativos; Registro civil e notarial. Assessoria EmpresarialConsultoria e assessoria jur\u00eddica empresarial; Abertura e encerramento de pessoas jur\u00eddicas. Direito trabalhistaReclamat\u00f3rias trabalhistas; Defesas em geral; &hellip; <\/p>\n<p class=\"link-more\"><a href=\"https:\/\/amend.adv.br\/index.php\/a-homepage-section\/\" class=\"more-link\">Continue lendo<span class=\"screen-reader-text\"> &#8220;\u00c1reas de atua\u00e7\u00e3o&#8221;<\/span><\/a><\/p>\n","protected":false},"author":1,"featured_media":81,"parent":0,"menu_order":0,"comment_status":"closed","ping_status":"closed","template":"","meta":{"om_disable_all_campaigns":false,"_monsterinsights_skip_tracking":false,"_monsterinsights_sitenote_active":false,"_monsterinsights_sitenote_note":"","_monsterinsights_sitenote_category":0},"aioseo_notices":[],"uagb_featured_image_src":{"full":["https:\/\/amend.adv.br\/wp-content\/uploads\/2022\/11\/antique-book-shelf-vintage-background.jpg",2000,1065,false],"thumbnail":["https:\/\/amend.adv.br\/wp-content\/uploads\/2022\/11\/antique-book-shelf-vintage-background-150x150.jpg",150,150,true],"medium":["https:\/\/amend.adv.br\/wp-content\/uploads\/2022\/11\/antique-book-shelf-vintage-background-300x160.jpg",300,160,true],"medium_large":["https:\/\/amend.adv.br\/wp-content\/uploads\/2022\/11\/antique-book-shelf-vintage-background-768x409.jpg",525,280,true],"large":["https:\/\/amend.adv.br\/wp-content\/uploads\/2022\/11\/antique-book-shelf-vintage-background-1024x545.jpg",525,279,true],"1536x1536":["https:\/\/amend.adv.br\/wp-content\/uploads\/2022\/11\/antique-book-shelf-vintage-background-1536x818.jpg",1536,818,true],"2048x2048":["https:\/\/amend.adv.br\/wp-content\/uploads\/2022\/11\/antique-book-shelf-vintage-background.jpg",2000,1065,false],"twentyseventeen-featured-image":["https:\/\/amend.adv.br\/wp-content\/uploads\/2022\/11\/antique-book-shelf-vintage-background.jpg",2000,1065,false],"twentyseventeen-thumbnail-avatar":["https:\/\/amend.adv.br\/wp-content\/uploads\/2022\/11\/antique-book-shelf-vintage-background-100x100.jpg",100,100,true]},"uagb_author_info":{"display_name":"RalopesAdm","author_link":"https:\/\/amend.adv.br\/index.php\/author\/ralopesadm\/"},"uagb_comment_info":0,"uagb_excerpt":"Assessoria extrajudicialPareceres contratuais Reda\u00e7\u00e3o de contratos, distratos, aditivos e termos acess\u00f3rios; Assessoria jur\u00eddica em neg\u00f3cios assessoria jur\u00eddica imobili\u00e1ria; Assessoria jur\u00eddica financeira; Assessoria jur\u00eddica administrativa perante \u00f3rg\u00e3os e reparti\u00e7\u00f5es p\u00fablicas; Defesas e recursos administrativos; Registro civil e notarial. Assessoria EmpresarialConsultoria e assessoria jur\u00eddica empresarial; Abertura e encerramento de pessoas jur\u00eddicas. Direito trabalhistaReclamat\u00f3rias trabalhistas; Defesas em geral;&hellip;","_links":{"self":[{"href":"https:\/\/amend.adv.br\/index.php\/wp-json\/wp\/v2\/pages\/12"}],"collection":[{"href":"https:\/\/amend.adv.br\/index.php\/wp-json\/wp\/v2\/pages"}],"about":[{"href":"https:\/\/amend.adv.br\/index.php\/wp-json\/wp\/v2\/types\/page"}],"author":[{"embeddable":true,"href":"https:\/\/amend.adv.br\/index.php\/wp-json\/wp\/v2\/users\/1"}],"replies":[{"embeddable":true,"href":"https:\/\/amend.adv.br\/index.php\/wp-json\/wp\/v2\/comments?post=12"}],"version-history":[{"count":2,"href":"https:\/\/amend.adv.br\/index.php\/wp-json\/wp\/v2\/pages\/12\/revisions"}],"predecessor-version":[{"id":84,"href":"https:\/\/amend.adv.br\/index.php\/wp-json\/wp\/v2\/pages\/12\/revisions\/84"}],"wp:featuredmedia":[{"embeddable":true,"href":"https:\/\/amend.adv.br\/index.php\/wp-json\/wp\/v2\/media\/81"}],"wp:attachment":[{"href":"https:\/\/amend.adv.br\/index.php\/wp-json\/wp\/v2\/media?parent=12"}],"curies":[{"name":"wp","href":"https:\/\/api.w.org\/{rel}","templated":true}]}}